{"id":1903,"date":"2026-05-06T10:59:46","date_gmt":"2026-05-06T08:59:46","guid":{"rendered":"https:\/\/www.noeglhof.at\/zimmer-radstadt\/"},"modified":"2026-05-06T12:02:57","modified_gmt":"2026-05-06T10:02:57","slug":"room-radstadt","status":"publish","type":"page","link":"https:\/\/www.noeglhof.at\/en\/room-radstadt\/","title":{"rendered":"Double Room &#8220;G\u00e4nsebl\u00fcmchen&#8221;"},"content":{"rendered":"<div class=\"wpb-content-wrapper\"><p>[vc_row][vc_column][vc_column_text css=&#8221;&#8221;]<\/p>\n<h1>Double Room &#8220;G\u00e4nsebl\u00fcmchen&#8221;<\/h1>\n<h2>Cosy double room (breakfast not included) in Radstadt<\/h2>\n<p>[\/vc_column_text][vc_separator][\/vc_column][\/vc_row][vc_row][vc_column][vc_column_text css=&#8221;&#8221;]The <strong>double room &#8220;G\u00e4nsebl\u00fcmchen&#8221;<\/strong> at the <a href=\"https:\/\/www.noeglhof.at\/en\/\">N\u00f6glhof Family Farm<\/a> is a cosy retreat. It offers <strong>plenty of space for two people<\/strong> and its atmosphere invites you to dream and relax. For parents with small children, a <strong>cot<\/strong> can be provided on request. During your holiday with us, you can look forward to a range of amenities, such as the <a href=\"https:\/\/www.noeglhof.at\/en\/wellness\/\">wellness area<\/a> and the <strong>garden<\/strong>.[\/vc_column_text][\/vc_column][\/vc_row][vc_row el_class=&#8221;hintergrund&#8221;][vc_column][vc_column_text css=&#8221;&#8221;]<\/p>\n<h3>Double Room &#8220;G\u00e4nsebl\u00fcmchen&#8221;<\/h3>\n<h6>2 people \u00b7 cot available<\/h6>\n<p>[\/vc_column_text][vc_row_inner][vc_column_inner width=&#8221;1\/2&#8243;][vc_gallery type=&#8221;nivo&#8221; interval=&#8221;3&#8243; images=&#8221;1890,1892,1894,1896&#8243; img_size=&#8221;medium&#8221; css=&#8221;&#8221;][\/vc_column_inner][vc_column_inner width=&#8221;1\/2&#8243;][vc_column_text css=&#8221;&#8221;]<\/p>\n<ul>\n<li>Double bed<\/li>\n<li>Small sofa<\/li>\n<li>Bathroom with shower, WC and washbasin<\/li>\n<li>Flatscreen cable TV<\/li>\n<li>Internet access<\/li>\n<li>Balcony with a view of the garden<\/li>\n<\/ul>\n<p>[\/vc_column_text][\/vc_column_inner][\/vc_row_inner][\/vc_column][\/vc_row][vc_row][vc_column width=&#8221;1\/2&#8243;][vc_column_text]<span class=\"button-block button-gruen\"><a href=\"https:\/\/www.noeglhof.at\/en\/booking-information\/\">Booking Information<\/a><\/span>[\/vc_column_text][\/vc_column][vc_column width=&#8221;1\/2&#8243;][vc_column_text]<span class=\"button-block\"><a href=\"https:\/\/www.noeglhof.at\/en\/no-obligation-enquiries\/\">No-Obligation Enquiries<\/a><\/span>[\/vc_column_text][\/vc_column][\/vc_row]<\/p>\n<\/div>","protected":false},"excerpt":{"rendered":"<p>[vc_row][vc_column][vc_column_text css=&#8221;&#8221;] Double Room &#8220;G\u00e4nsebl\u00fcmchen&#8221; Cosy double room (breakfast not included) in Radstadt [\/vc_column_text][vc_separator][\/vc_column][\/vc_row][vc_row][vc_column][vc_column_text css=&#8221;&#8221;]The double room &#8220;G\u00e4nsebl\u00fcmchen&#8221; at the N\u00f6glhof Family Farm is a cosy retreat. It offers plenty of space for two people and its atmosphere invites you to dream and relax. For parents with small children, a cot can be provided on &hellip;<\/p>\n\n<p><a class=\"readmore btn btn-default btn-default btn-block\" href=\"https:\/\/www.noeglhof.at\/en\/room-radstadt\/\">Read More<\/a><\/p>","protected":false},"author":1,"featured_media":1899,"parent":0,"menu_order":0,"comment_status":"closed","ping_status":"closed","template":"","meta":{"footnotes":""},"class_list":["post-1903","page","type-page","status-publish","has-post-thumbnail","hentry"],"_links":{"self":[{"href":"https:\/\/www.noeglhof.at\/en\/wp-json\/wp\/v2\/pages\/1903","targetHints":{"allow":["GET"]}}],"collection":[{"href":"https:\/\/www.noeglhof.at\/en\/wp-json\/wp\/v2\/pages"}],"about":[{"href":"https:\/\/www.noeglhof.at\/en\/wp-json\/wp\/v2\/types\/page"}],"author":[{"embeddable":true,"href":"https:\/\/www.noeglhof.at\/en\/wp-json\/wp\/v2\/users\/1"}],"replies":[{"embeddable":true,"href":"https:\/\/www.noeglhof.at\/en\/wp-json\/wp\/v2\/comments?post=1903"}],"version-history":[{"count":5,"href":"https:\/\/www.noeglhof.at\/en\/wp-json\/wp\/v2\/pages\/1903\/revisions"}],"predecessor-version":[{"id":1948,"href":"https:\/\/www.noeglhof.at\/en\/wp-json\/wp\/v2\/pages\/1903\/revisions\/1948"}],"wp:featuredmedia":[{"embeddable":true,"href":"https:\/\/www.noeglhof.at\/en\/wp-json\/wp\/v2\/media\/1899"}],"wp:attachment":[{"href":"https:\/\/www.noeglhof.at\/en\/wp-json\/wp\/v2\/media?parent=1903"}],"curies":[{"name":"wp","href":"https:\/\/api.w.org\/{rel}","templated":true}]}}